{"id":1718,"date":"2025-11-10T19:02:11","date_gmt":"2025-11-10T18:02:11","guid":{"rendered":"https:\/\/coopdera.org\/?page_id=1718"},"modified":"2026-04-02T13:54:14","modified_gmt":"2026-04-02T11:54:14","slug":"serveis","status":"publish","type":"page","link":"https:\/\/coopdera.org\/cast\/serveis\/","title":{"rendered":"SERVICIOS"},"content":{"rendered":"<div data-elementor-type=\"wp-page\" data-elementor-id=\"1718\" class=\"elementor elementor-1718\" data-elementor-post-type=\"page\">\n\t\t\t\t<div class=\"elementor-element elementor-element-c6988f4 e-flex e-con-boxed e-con e-parent\" data-id=\"c6988f4\" data-element_type=\"container\">\n\t\t\t\t\t<div class=\"e-con-inner\">\n\t\t\t\t<div class=\"elementor-element elementor-element-04a8550 elementor-widget__width-initial elementor-widget-mobile__width-initial elementor-widget elementor-widget-heading\" data-id=\"04a8550\" data-element_type=\"widget\" data-widget_type=\"heading.default\">\n\t\t\t\t<div class=\"elementor-widget-container\">\n\t\t\t\t\t<h2 class=\"elementor-heading-title elementor-size-default\">SERVICIOS<\/h2>\t\t\t\t<\/div>\n\t\t\t\t<\/div>\n\t\t\t\t\t<\/div>\n\t\t\t\t<\/div>\n\t\t<div class=\"elementor-element elementor-element-3aad56a e-flex e-con-boxed e-con e-parent\" data-id=\"3aad56a\" data-element_type=\"container\">\n\t\t\t\t\t<div class=\"e-con-inner\">\n\t\t\t\t<div class=\"elementor-element elementor-element-809c877 elementor-flip-box--effect-flip elementor-flip-box--direction-up elementor-widget elementor-widget-flip-box\" data-id=\"809c877\" data-element_type=\"widget\" data-widget_type=\"flip-box.default\">\n\t\t\t\t<div class=\"elementor-widget-container\">\n\t\t\t\t\t\t\t<div class=\"elementor-flip-box\" tabindex=\"0\">\n\t\t\t<div class=\"elementor-flip-box__layer elementor-flip-box__front\">\n\t\t\t\t<div class=\"elementor-flip-box__layer__overlay\">\n\t\t\t\t\t<div class=\"elementor-flip-box__layer__inner\">\n\t\t\t\t\t\t\t\t\t\t\t\t\t<div class=\"elementor-icon-wrapper elementor-view-default\">\n\t\t\t\t\t\t\t\t<div class=\"elementor-icon\">\n\t\t\t\t\t\t\t\t\t\t\t\t\t\t\t\t\t<\/div>\n\t\t\t\t\t\t\t<\/div>\n\t\t\t\t\t\t\n\t\t\t\t\t\t\t\t\t\t\t\t\t<h3 class=\"elementor-flip-box__layer__title\">\n\t\t\t\t\t\t\t\tARQUITECTURA SOSTENIBLE\t\t\t\t\t\t\t<\/h3>\n\t\t\t\t\t\t\n\t\t\t\t\t\t\t\t\t\t\t<\/div>\n\t\t\t\t<\/div>\n\t\t\t<\/div>\n\t\t\t<div class=\"elementor-flip-box__layer elementor-flip-box__back\">\n\t\t\t<div class=\"elementor-flip-box__layer__overlay\">\n\t\t\t\t<div class=\"elementor-flip-box__layer__inner\">\n\t\t\t\t\t\n\t\t\t\t\t\t\t\t\t\t\t<div class=\"elementor-flip-box__layer__description\">\n\t\t\t\t\t\t\tProyectamos y rehabilitamos edificios con criterios de sostenibilidad ambiental, social y econ\u00f3mica, integrando estrategias de eficiencia energ\u00e9tica, dise\u00f1o bioclim\u00e1tico y uso de materiales de proximidad. Dise\u00f1amos viviendas, equipamientos y espacios colectivos que se adaptan al contexto y al clima pirenaico, aprovechando los recursos existentes y poniendo en valor el patrimonio construido. Rehabilitamos edificaciones con una mirada respetuosa con su historia y su entorno, optimizando su comportamiento energ\u00e9tico y garantizando su accesibilidad y confort. En los proyectos de obra nueva, buscamos el equilibrio entre la arquitectura vern\u00e1cula y las t\u00e9cnicas contempor\u00e1neas, apostando por edificios eficientes, saludables y con una huella ecol\u00f3gica reducida.\t\t\t\t\t\t<\/div>\n\t\t\t\t\t\n\t\t\t\t\t\t\t\t\t\t\t<a class=\"elementor-flip-box__button elementor-button elementor-size-sm\" href=\"https:\/\/coopdera.org\/cast\/tipologia\/arquitectura-sostenible\/\">\n\t\t\t\t\t\t\tProyectos ARQUITECTURA SOSTENIBLE\t\t\t\t\t\t<\/a>\n\t\t\t\t\t\t\t\t<\/div>\n\t\t<\/div>\n\t\t<\/div>\n\t\t<\/div>\n\t\t\t\t\t\t<\/div>\n\t\t\t\t<\/div>\n\t\t\t\t\t<\/div>\n\t\t\t\t<\/div>\n\t\t<div class=\"elementor-element elementor-element-de178b2 e-flex e-con-boxed e-con e-parent\" data-id=\"de178b2\" data-element_type=\"container\">\n\t\t\t\t\t<div class=\"e-con-inner\">\n\t\t\t\t<div class=\"elementor-element elementor-element-7261ca2 elementor-flip-box--effect-flip elementor-flip-box--direction-up elementor-widget elementor-widget-flip-box\" data-id=\"7261ca2\" data-element_type=\"widget\" data-widget_type=\"flip-box.default\">\n\t\t\t\t<div class=\"elementor-widget-container\">\n\t\t\t\t\t\t\t<div class=\"elementor-flip-box\" tabindex=\"0\">\n\t\t\t<div class=\"elementor-flip-box__layer elementor-flip-box__front\">\n\t\t\t\t<div class=\"elementor-flip-box__layer__overlay\">\n\t\t\t\t\t<div class=\"elementor-flip-box__layer__inner\">\n\t\t\t\t\t\t\t\t\t\t\t\t\t<div class=\"elementor-icon-wrapper elementor-view-default\">\n\t\t\t\t\t\t\t\t<div class=\"elementor-icon\">\n\t\t\t\t\t\t\t\t\t\t\t\t\t\t\t\t\t<\/div>\n\t\t\t\t\t\t\t<\/div>\n\t\t\t\t\t\t\n\t\t\t\t\t\t\t\t\t\t\t\t\t<h3 class=\"elementor-flip-box__layer__title\">\n\t\t\t\t\t\t\t\tVIVIENDA EN EL MUNDO RURAL\t\t\t\t\t\t\t<\/h3>\n\t\t\t\t\t\t\n\t\t\t\t\t\t\t\t\t\t\t<\/div>\n\t\t\t\t<\/div>\n\t\t\t<\/div>\n\t\t\t<div class=\"elementor-flip-box__layer elementor-flip-box__back\">\n\t\t\t<div class=\"elementor-flip-box__layer__overlay\">\n\t\t\t\t<div class=\"elementor-flip-box__layer__inner\">\n\t\t\t\t\t\n\t\t\t\t\t\t\t\t\t\t\t<div class=\"elementor-flip-box__layer__description\">\n\t\t\t\t\t\t\tTrabajamos para hacer posible el acceso a la vivienda en el Pirineo y en otros entornos rurales, ofreciendo servicios t\u00e9cnicos, estrat\u00e9gicos y de planificaci\u00f3n que abordan el reto de la vivienda desde m\u00faltiples escaleras. Realizamos estudios, diagnosis y planes de vivienda para administraciones locales, con el objetivo de conocer la situaci\u00f3n real del parque residencial, detectar necesidades y definir estrategias de movilizaci\u00f3n de viviendas vac\u00edas o infrautilizadas. Acompa\u00f1amos proyectos de masover\u00eda urbana, vivienda cooperativa y vivienda asequible, tanto a nivel p\u00fablico como privado, asesorando en su viabilidad t\u00e9cnica, econ\u00f3mica y social. Intercooperamos con otras entidades y agentes del territorio para impulsar iniciativas que promuevan una vivienda digna y arraigada, contribuyendo a revertir el despoblamiento y favorecer el arraigo de poblaci\u00f3n en el mundo rural.\t\t\t\t\t\t<\/div>\n\t\t\t\t\t\n\t\t\t\t\t\t\t\t\t\t\t<a class=\"elementor-flip-box__button elementor-button elementor-size-sm\" href=\"https:\/\/coopdera.org\/cast\/tipologia\/habitatge-al-mon-rural\/\">\n\t\t\t\t\t\t\tProyectos VIVIENDA EN EL MUNDO RURAL\t\t\t\t\t\t<\/a>\n\t\t\t\t\t\t\t\t<\/div>\n\t\t<\/div>\n\t\t<\/div>\n\t\t<\/div>\n\t\t\t\t\t\t<\/div>\n\t\t\t\t<\/div>\n\t\t\t\t\t<\/div>\n\t\t\t\t<\/div>\n\t\t<div class=\"elementor-element elementor-element-3fcf809 e-flex e-con-boxed e-con e-parent\" data-id=\"3fcf809\" data-element_type=\"container\">\n\t\t\t\t\t<div class=\"e-con-inner\">\n\t\t\t\t<div class=\"elementor-element elementor-element-1c2b891 elementor-flip-box--effect-flip elementor-flip-box--direction-up elementor-widget elementor-widget-flip-box\" data-id=\"1c2b891\" data-element_type=\"widget\" data-widget_type=\"flip-box.default\">\n\t\t\t\t<div class=\"elementor-widget-container\">\n\t\t\t\t\t\t\t<div class=\"elementor-flip-box\" tabindex=\"0\">\n\t\t\t<div class=\"elementor-flip-box__layer elementor-flip-box__front\">\n\t\t\t\t<div class=\"elementor-flip-box__layer__overlay\">\n\t\t\t\t\t<div class=\"elementor-flip-box__layer__inner\">\n\t\t\t\t\t\t\t\t\t\t\t\t\t<div class=\"elementor-icon-wrapper elementor-view-default\">\n\t\t\t\t\t\t\t\t<div class=\"elementor-icon\">\n\t\t\t\t\t\t\t\t\t\t\t\t\t\t\t\t\t<\/div>\n\t\t\t\t\t\t\t<\/div>\n\t\t\t\t\t\t\n\t\t\t\t\t\t\t\t\t\t\t\t\t<h3 class=\"elementor-flip-box__layer__title\">\n\t\t\t\t\t\t\t\tACOMPA\u00d1AMIENTO PR\u00d3XIMO\t\t\t\t\t\t\t<\/h3>\n\t\t\t\t\t\t\n\t\t\t\t\t\t\t\t\t\t\t<\/div>\n\t\t\t\t<\/div>\n\t\t\t<\/div>\n\t\t\t<div class=\"elementor-flip-box__layer elementor-flip-box__back\">\n\t\t\t<div class=\"elementor-flip-box__layer__overlay\">\n\t\t\t\t<div class=\"elementor-flip-box__layer__inner\">\n\t\t\t\t\t\n\t\t\t\t\t\t\t\t\t\t\t<div class=\"elementor-flip-box__layer__description\">\n\t\t\t\t\t\t\tOfrecemos soporte t\u00e9cnico y asesoramiento personalizado a personas, colectivos y administraciones que impulsan proyectos relacionados con la vivienda y la mejora del parque edificado. Ayudamos a valorar la viabilidad de actuaciones, rehabilitaciones o nuevas construcciones, facilitando la toma de decisiones informadas con estudios t\u00e9cnicos, econ\u00f3micos y normativos. Realizamos tr\u00e1mites y servicios de arquitectura como Inspecciones T\u00e9cnicas de Edificios (ITE), C\u00e9dulas de habitabilidad y Certificados de Eficiencia Energ\u00e9tica, imprescindibles para garantizar la seguridad y calidad de las viviendas. Acompa\u00f1amos tambi\u00e9n procesos de autoconstrucci\u00f3n, adaptando los proyectos a las capacidades t\u00e9cnicas y econ\u00f3micas de cada persona o colectivo, con el objetivo de facilitar el acceso a una vivienda digna y viable.\t\t\t\t\t\t<\/div>\n\t\t\t\t\t\n\t\t\t\t\t\t\t\t\t\t\t<a class=\"elementor-flip-box__button elementor-button elementor-size-sm\" href=\"https:\/\/coopdera.org\/cast\/tipologia\/acompanyament-proper\/\">\n\t\t\t\t\t\t\tProyectos ACOMPA\u00d1AMIENTO PR\u00d3XIMO\t\t\t\t\t\t<\/a>\n\t\t\t\t\t\t\t\t<\/div>\n\t\t<\/div>\n\t\t<\/div>\n\t\t<\/div>\n\t\t\t\t\t\t<\/div>\n\t\t\t\t<\/div>\n\t\t\t\t\t<\/div>\n\t\t\t\t<\/div>\n\t\t<div class=\"elementor-element elementor-element-dcd6bde e-flex e-con-boxed e-con e-parent\" data-id=\"dcd6bde\" data-element_type=\"container\">\n\t\t\t\t\t<div class=\"e-con-inner\">\n\t\t\t\t<div class=\"elementor-element elementor-element-ba1221e elementor-flip-box--effect-flip elementor-flip-box--direction-up elementor-widget elementor-widget-flip-box\" data-id=\"ba1221e\" data-element_type=\"widget\" data-widget_type=\"flip-box.default\">\n\t\t\t\t<div class=\"elementor-widget-container\">\n\t\t\t\t\t\t\t<div class=\"elementor-flip-box\" tabindex=\"0\">\n\t\t\t<div class=\"elementor-flip-box__layer elementor-flip-box__front\">\n\t\t\t\t<div class=\"elementor-flip-box__layer__overlay\">\n\t\t\t\t\t<div class=\"elementor-flip-box__layer__inner\">\n\t\t\t\t\t\t\t\t\t\t\t\t\t<div class=\"elementor-icon-wrapper elementor-view-default\">\n\t\t\t\t\t\t\t\t<div class=\"elementor-icon\">\n\t\t\t\t\t\t\t\t\t\t\t\t\t\t\t\t\t<\/div>\n\t\t\t\t\t\t\t<\/div>\n\t\t\t\t\t\t\n\t\t\t\t\t\t\t\t\t\t\t\t\t<h3 class=\"elementor-flip-box__layer__title\">\n\t\t\t\t\t\t\t\tESPACIO P\u00daBLICO Y DISE\u00d1O PARTICIPATIVO\t\t\t\t\t\t\t<\/h3>\n\t\t\t\t\t\t\n\t\t\t\t\t\t\t\t\t\t\t<\/div>\n\t\t\t\t<\/div>\n\t\t\t<\/div>\n\t\t\t<div class=\"elementor-flip-box__layer elementor-flip-box__back\">\n\t\t\t<div class=\"elementor-flip-box__layer__overlay\">\n\t\t\t\t<div class=\"elementor-flip-box__layer__inner\">\n\t\t\t\t\t\n\t\t\t\t\t\t\t\t\t\t\t<div class=\"elementor-flip-box__layer__description\">\n\t\t\t\t\t\t\tDesarrollamos proyectos de transformaci\u00f3n y mejora de los espacios p\u00fablicos, adapt\u00e1ndolos a las necesidades reales de las personas que los utilizan y poniendo la vida cotidiana en el centro del dise\u00f1o. Dinamizamos procesos de an\u00e1lisis y dise\u00f1o participativo con la comunidad, especialmente en entornos educativos y sociales, para incorporar la mirada colectiva en todas las fases del proyecto. Dise\u00f1amos y proyectamos espacios inclusivos, accesibles y seguros, desde una perspectiva de g\u00e9nero y de urbanismo feminista, que fomenten la convivencia y la cohesi\u00f3n social. Elaboramos asesoramientos y planificaci\u00f3n urban\u00edstica con una mirada local, trabajando con ayuntamientos y entidades para repensar los espacios p\u00fablicos como herramientas de transformaci\u00f3n social y cohesi\u00f3n territorial.\n\n\t\t\t\t\t\t<\/div>\n\t\t\t\t\t\n\t\t\t\t\t\t\t\t\t\t\t<a class=\"elementor-flip-box__button elementor-button elementor-size-sm\" href=\"https:\/\/coopdera.org\/cast\/tipologia\/espai-public-i-disseny-participatiu\/\">\n\t\t\t\t\t\t\tProyectos ESPACIO P\u00daBLICO Y DISE\u00d1O PARTICIPATIVO\t\t\t\t\t\t<\/a>\n\t\t\t\t\t\t\t\t<\/div>\n\t\t<\/div>\n\t\t<\/div>\n\t\t<\/div>\n\t\t\t\t\t\t<\/div>\n\t\t\t\t<\/div>\n\t\t\t\t\t<\/div>\n\t\t\t\t<\/div>\n\t\t\t\t<\/div>","protected":false},"excerpt":{"rendered":"<p>SERVICIOS ARQUITECTURA SOSTENIBLE Proyectamos y rehabilitamos edificios con criterios de sostenibilidad ambiental, social y econ\u00f3mica, integrando estrategias de eficiencia energ\u00e9tica, dise\u00f1o bioclim\u00e1tico y uso de materiales de proximidad. Dise\u00f1amos viviendas, equipamientos y espacios colectivos que se adaptan al contexto y al clima pirenaico, aprovechando los recursos existentes y poniendo en valor el patrimonio construido. Rehabilitamos edificaciones con [\u2026]<\/p>","protected":false},"author":5,"featured_media":0,"parent":0,"menu_order":0,"comment_status":"closed","ping_status":"closed","template":"","meta":{"footnotes":""},"class_list":["post-1718","page","type-page","status-publish","hentry"],"_links":{"self":[{"href":"https:\/\/coopdera.org\/cast\/wp-json\/wp\/v2\/pages\/1718","targetHints":{"allow":["GET"]}}],"collection":[{"href":"https:\/\/coopdera.org\/cast\/wp-json\/wp\/v2\/pages"}],"about":[{"href":"https:\/\/coopdera.org\/cast\/wp-json\/wp\/v2\/types\/page"}],"author":[{"embeddable":true,"href":"https:\/\/coopdera.org\/cast\/wp-json\/wp\/v2\/users\/5"}],"replies":[{"embeddable":true,"href":"https:\/\/coopdera.org\/cast\/wp-json\/wp\/v2\/comments?post=1718"}],"version-history":[{"count":40,"href":"https:\/\/coopdera.org\/cast\/wp-json\/wp\/v2\/pages\/1718\/revisions"}],"predecessor-version":[{"id":1863,"href":"https:\/\/coopdera.org\/cast\/wp-json\/wp\/v2\/pages\/1718\/revisions\/1863"}],"wp:attachment":[{"href":"https:\/\/coopdera.org\/cast\/wp-json\/wp\/v2\/media?parent=1718"}],"curies":[{"name":"wp","href":"https:\/\/api.w.org\/{rel}","templated":true}]}}