{"id":1784,"date":"2025-11-11T13:45:05","date_gmt":"2025-11-11T12:45:05","guid":{"rendered":"https:\/\/coopdera.org\/?page_id=1784"},"modified":"2026-04-02T14:47:12","modified_gmt":"2026-04-02T12:47:12","slug":"com-treballem","status":"publish","type":"page","link":"https:\/\/coopdera.org\/cast\/nosaltres\/com-treballem\/","title":{"rendered":"C\u00d3MO TRABAJAMOS"},"content":{"rendered":"<div data-elementor-type=\"wp-page\" data-elementor-id=\"1784\" class=\"elementor elementor-1784\" data-elementor-post-type=\"page\">\n\t\t\t\t<div class=\"elementor-element elementor-element-aa043d1 e-flex e-con-boxed e-con e-parent\" data-id=\"aa043d1\" data-element_type=\"container\">\n\t\t\t\t\t<div class=\"e-con-inner\">\n\t\t<div class=\"elementor-element elementor-element-0d36c06 e-con-full e-flex e-con e-child\" data-id=\"0d36c06\" data-element_type=\"container\">\n\t\t\t\t<div class=\"elementor-element elementor-element-955522b elementor-widget__width-initial elementor-widget-mobile__width-initial elementor-widget elementor-widget-heading\" data-id=\"955522b\" data-element_type=\"widget\" data-widget_type=\"heading.default\">\n\t\t\t\t<div class=\"elementor-widget-container\">\n\t\t\t\t\t<h2 class=\"elementor-heading-title elementor-size-default\">NUESTRA FORMA DE TRABAJAR<\/h2>\t\t\t\t<\/div>\n\t\t\t\t<\/div>\n\t\t\t\t<\/div>\n\t\t\t\t\t<\/div>\n\t\t\t\t<\/div>\n\t\t<div class=\"elementor-element elementor-element-4ae577f e-flex e-con-boxed e-con e-parent\" data-id=\"4ae577f\" data-element_type=\"container\">\n\t\t\t\t\t<div class=\"e-con-inner\">\n\t\t\t\t<div class=\"elementor-element elementor-element-3834984 elementor-widget elementor-widget-text-editor\" data-id=\"3834984\" data-element_type=\"widget\" data-widget_type=\"text-editor.default\">\n\t\t\t\t<div class=\"elementor-widget-container\">\n\t\t\t\t\t\t\t\t\t<p data-start=\"3934\" data-end=\"4109\">En Coop d&#039;Era entendemos la arquitectura como un proceso compartido.<br data-start=\"3994\" data-end=\"3997\" \/>Escuchamos, dise\u00f1amos y acompa\u00f1amos cada proyecto de forma colaborativa, con una mirada t\u00e9cnica ya la vez social.<\/p><p data-start=\"4111\" data-end=\"4290\">Trabajamos desde la cooperaci\u00f3n, la proximidad y el arraigo.<br data-start=\"4172\" data-end=\"4175\" \/>Cada proyecto es una oportunidad para construir v\u00ednculos, compartir conocimiento y generar transformaci\u00f3n en el territorio.<\/p><p data-start=\"4292\" data-end=\"4329\"><strong data-start=\"4292\" data-end=\"4329\">Nuestra metodolog\u00eda se basa en:<\/strong><\/p><ol data-start=\"4330\" data-end=\"4722\"><li data-start=\"4330\" data-end=\"4404\"><p data-start=\"4333\" data-end=\"4404\"><strong data-start=\"4333\" data-end=\"4356\">Escuchar y observar<\/strong> el contexto y las necesidades de las personas.<\/p><\/li><li data-start=\"4405\" data-end=\"4512\"><p data-start=\"4408\" data-end=\"4512\"><strong data-start=\"4408\" data-end=\"4424\">Co-dise\u00f1ar<\/strong> soluciones adaptadas a cada realidad, con procesos participativos y herramientas compartidas.<\/p><\/li><li data-start=\"4513\" data-end=\"4612\"><p data-start=\"4516\" data-end=\"4612\"><strong data-start=\"4516\" data-end=\"4538\">Acompa\u00f1ar de cerca<\/strong> durante todo el recorrido, desde la idea inicial hasta la obra terminada.<\/p><\/li><li data-start=\"4613\" data-end=\"4722\"><p data-start=\"4616\" data-end=\"4722\"><strong data-start=\"4616\" data-end=\"4638\">Trabajar en red<\/strong> con otros profesionales y entidades del territorio por sumar miradas y conocimientos.<\/p><\/li><\/ol><p data-start=\"4724\" data-end=\"4850\">Para nosotros hacer arquitectura es tambi\u00e9n cuidar el proceso:<br data-start=\"4782\" data-end=\"4785\" \/>las relaciones, el territorio y la vida cotidiana de quien lo habita.<\/p>\t\t\t\t\t\t\t\t<\/div>\n\t\t\t\t<\/div>\n\t\t\t\t\t<\/div>\n\t\t\t\t<\/div>\n\t\t<div class=\"elementor-element elementor-element-f302c5a e-flex e-con-boxed e-con e-parent\" data-id=\"f302c5a\" data-element_type=\"container\">\n\t\t\t\t\t<div class=\"e-con-inner\">\n\t\t\t\t<div class=\"elementor-element elementor-element-e33fc13 elementor-widget elementor-widget-image\" data-id=\"e33fc13\" data-element_type=\"widget\" data-widget_type=\"image.default\">\n\t\t\t\t<div class=\"elementor-widget-container\">\n\t\t\t\t\t\t\t\t\t\t\t\t\t\t\t<img fetchpriority=\"high\" decoding=\"async\" width=\"768\" height=\"419\" src=\"https:\/\/coopdera.org\/wp-content\/uploads\/2025\/11\/Captura-de-pantalla-2025-09-25-195052-768x419.png\" class=\"attachment-medium_large size-medium_large wp-image-1789\" alt=\"\" srcset=\"https:\/\/coopdera.org\/wp-content\/uploads\/2025\/11\/Captura-de-pantalla-2025-09-25-195052-768x419.png 768w, https:\/\/coopdera.org\/wp-content\/uploads\/2025\/11\/Captura-de-pantalla-2025-09-25-195052-300x164.png 300w, https:\/\/coopdera.org\/wp-content\/uploads\/2025\/11\/Captura-de-pantalla-2025-09-25-195052-1024x559.png 1024w, https:\/\/coopdera.org\/wp-content\/uploads\/2025\/11\/Captura-de-pantalla-2025-09-25-195052-1536x838.png 1536w, https:\/\/coopdera.org\/wp-content\/uploads\/2025\/11\/Captura-de-pantalla-2025-09-25-195052.png 1920w, https:\/\/coopdera.org\/wp-content\/uploads\/2025\/11\/Captura-de-pantalla-2025-09-25-195052-18x10.png 18w\" sizes=\"(max-width: 768px) 100vw, 768px\" \/>\t\t\t\t\t\t\t\t\t\t\t\t\t\t\t<\/div>\n\t\t\t\t<\/div>\n\t\t\t\t\t<\/div>\n\t\t\t\t<\/div>\n\t\t\t\t<\/div>","protected":false},"excerpt":{"rendered":"<p>NUESTRA MANERA DE TRABAJAR En Coop d&#039;Era entendemos la arquitectura como un proceso compartido. Escuchamos, dise\u00f1amos y acompa\u00f1amos cada proyecto de manera colaborativa, con una mirada t\u00e9cnica y al mismo tiempo social. Trabajamos desde la cooperaci\u00f3n, la proximidad y el arraigo. Cada proyecto es una oportunidad para construir v\u00ednculos, compartir conocimiento y generar transformaci\u00f3n en el territorio. Nuestra metodolog\u00eda [\u2026]<\/p>","protected":false},"author":5,"featured_media":0,"parent":773,"menu_order":0,"comment_status":"closed","ping_status":"closed","template":"","meta":{"footnotes":""},"class_list":["post-1784","page","type-page","status-publish","hentry"],"_links":{"self":[{"href":"https:\/\/coopdera.org\/cast\/wp-json\/wp\/v2\/pages\/1784","targetHints":{"allow":["GET"]}}],"collection":[{"href":"https:\/\/coopdera.org\/cast\/wp-json\/wp\/v2\/pages"}],"about":[{"href":"https:\/\/coopdera.org\/cast\/wp-json\/wp\/v2\/types\/page"}],"author":[{"embeddable":true,"href":"https:\/\/coopdera.org\/cast\/wp-json\/wp\/v2\/users\/5"}],"replies":[{"embeddable":true,"href":"https:\/\/coopdera.org\/cast\/wp-json\/wp\/v2\/comments?post=1784"}],"version-history":[{"count":13,"href":"https:\/\/coopdera.org\/cast\/wp-json\/wp\/v2\/pages\/1784\/revisions"}],"predecessor-version":[{"id":1877,"href":"https:\/\/coopdera.org\/cast\/wp-json\/wp\/v2\/pages\/1784\/revisions\/1877"}],"up":[{"embeddable":true,"href":"https:\/\/coopdera.org\/cast\/wp-json\/wp\/v2\/pages\/773"}],"wp:attachment":[{"href":"https:\/\/coopdera.org\/cast\/wp-json\/wp\/v2\/media?parent=1784"}],"curies":[{"name":"wp","href":"https:\/\/api.w.org\/{rel}","templated":true}]}}